{"id":1884,"date":"2024-12-17T14:58:16","date_gmt":"2024-12-17T14:58:16","guid":{"rendered":"https:\/\/jcesquivelfordoral.com\/?page_id=1884"},"modified":"2024-12-17T16:14:51","modified_gmt":"2024-12-17T16:14:51","slug":"conoce-a-jce","status":"publish","type":"page","link":"https:\/\/jcesquivelfordoral.com\/en\/","title":{"rendered":"conoce a JCE"},"content":{"rendered":"<p>[et_pb_section fb_built=&#8221;1&#8243; custom_padding_last_edited=&#8221;on|phone&#8221; admin_label=&#8221;Header&#8221; _builder_version=&#8221;4.27.4&#8243; _module_preset=&#8221;default&#8221; background_enable_color=&#8221;off&#8221; use_background_color_gradient=&#8221;on&#8221; background_color_gradient_direction=&#8221;90deg&#8221; background_color_gradient_stops=&#8221;#1b1b5e 0%|rgba(255,255,255,0) 52%&#8221; background_color_gradient_overlays_image=&#8221;on&#8221; background_image=&#8221;https:\/\/jcesquivelfordoral.com\/wp-content\/uploads\/2024\/06\/2-banner-esquivel-2024.jpg&#8221; background_position=&#8221;top_left&#8221; background_vertical_offset=&#8221;36%&#8221; overflow-x=&#8221;hidden&#8221; overflow-y=&#8221;hidden&#8221; custom_margin=&#8221;0px||||false|false&#8221; custom_margin_tablet=&#8221;0px||||false|false&#8221; custom_margin_phone=&#8221;1px|-66px|||false|false&#8221; custom_margin_last_edited=&#8221;on|phone&#8221; custom_padding=&#8221;89px|0px|89px||true|false&#8221; custom_padding_tablet=&#8221;54px||54px||true|false&#8221; custom_padding_phone=&#8221;0px||0px||true|false&#8221; hover_enabled=&#8221;0&#8243; background_last_edited=&#8221;on|tablet&#8221; background_size_phone=&#8221;cover&#8221; background_image_width_phone=&#8221;200%&#8221; background_image_height_phone=&#8221;0%&#8221; background_position_tablet=&#8221;center_right&#8221; background_position_phone=&#8221;center_right&#8221; background_horizontal_offset_phone=&#8221;0%&#8221; module_alignment_tablet=&#8221;&#8221; module_alignment_phone=&#8221;&#8221; module_alignment_last_edited=&#8221;on|phone&#8221; locked=&#8221;off&#8221; global_colors_info=&#8221;{%22gcid-1a0de535-da79-4528-8eb1-c8e564b3cc22%22:%91%22background_color%22%93,%22gcid-96ded951-3ae3-46a2-829e-362b8dc8ef96%22:%91%22colorEnd%22%93}&#8221; sticky_enabled=&#8221;0&#8243;][et_pb_row column_structure=&#8221;3_5,2_5&#8243; _builder_version=&#8221;4.25.1&#8243; _module_preset=&#8221;default&#8221; custom_padding=&#8221;119px||||false|false&#8221; global_colors_info=&#8221;{}&#8221;][et_pb_column type=&#8221;3_5&#8243; _builder_version=&#8221;4.16&#8243; _module_preset=&#8221;default&#8221; global_colors_info=&#8221;{}&#8221;][et_pb_text _builder_version=&#8221;4.27.4&#8243; _module_preset=&#8221;d72c0383-6487-4f2c-ac5c-7d48a6376757&#8243; header_font=&#8221;Montserrat||||||||&#8221; header_2_font=&#8221;Montserrat|700|||||||&#8221; header_2_text_color=&#8221;#FFFFFF&#8221; header_2_font_size=&#8221;45px&#8221; header_2_line_height=&#8221;1.1em&#8221; header_2_font_size_tablet=&#8221;40px&#8221; header_2_font_size_phone=&#8221;24px&#8221; header_2_font_size_last_edited=&#8221;on|phone&#8221; global_colors_info=&#8221;{}&#8221;]<\/p>\n<h2><span lang=\"ES\">MEET <\/span><\/h2>\n<h2><span lang=\"ES\">JUAN CARLOS ESQUIVEL<\/span><\/h2>\n<p>[\/et_pb_text][\/et_pb_column][et_pb_column type=&#8221;2_5&#8243; _builder_version=&#8221;4.16&#8243; _module_preset=&#8221;default&#8221; global_colors_info=&#8221;{}&#8221;][\/et_pb_column][\/et_pb_row][\/et_pb_section][et_pb_section fb_built=&#8221;1&#8243; admin_label=&#8221;Features&#8221; _builder_version=&#8221;4.27.4&#8243; _module_preset=&#8221;default&#8221; background_enable_color=&#8221;off&#8221; background_enable_image=&#8221;off&#8221; background_size=&#8221;contain&#8221; background_position=&#8221;bottom_right&#8221; background_horizontal_offset=&#8221;-20%&#8221; custom_padding=&#8221;2px||69px|||&#8221; background_last_edited=&#8221;on|phone&#8221; background_enable_image_tablet=&#8221;off&#8221; background_enable_image_phone=&#8221;off&#8221; background_size_phone=&#8221;contain&#8221; background_position_phone=&#8221;bottom_center&#8221; global_colors_info=&#8221;{%22gcid-5ad63016-f222-4622-8818-74a3bb1a8991%22:%91%22background_color%22%93}&#8221;][et_pb_row _builder_version=&#8221;4.16&#8243; _module_preset=&#8221;default&#8221; global_colors_info=&#8221;{}&#8221;][et_pb_column type=&#8221;4_4&#8243; _builder_version=&#8221;4.16&#8243; _module_preset=&#8221;default&#8221; global_colors_info=&#8221;{}&#8221;][et_pb_text _builder_version=&#8221;4.27.4&#8243; _module_preset=&#8221;32021f09-dd67-47fb-8f9a-832b72a38baf&#8221; header_font=&#8221;Montserrat||||||||&#8221; header_2_font=&#8221;Montserrat|700|||||||&#8221; header_2_text_color=&#8221;#1b1b5e&#8221; header_2_font_size=&#8221;45px&#8221; header_2_line_height=&#8221;1.1em&#8221; header_2_font_size_tablet=&#8221;40px&#8221; header_2_font_size_phone=&#8221;24px&#8221; header_2_font_size_last_edited=&#8221;on|phone&#8221; locked=&#8221;off&#8221; global_colors_info=&#8221;{}&#8221;]<\/p>\n<h2><strong>A MESSAGE FROM JUAN CARLOS ESQUIVEL<br \/><\/strong><\/h2>\n<p>[\/et_pb_text][et_pb_text _builder_version=&#8221;4.27.4&#8243; _module_preset=&#8221;default&#8221; text_font=&#8221;Montserrat||||||||&#8221; text_font_size=&#8221;16px&#8221; global_colors_info=&#8221;{}&#8221;]<\/p>\n<p><b>\u201cDear Doral Residents,<\/b><\/p>\n<p><span style=\"font-weight: 400;\">I would like to express my sincere thanks to all those who supported me during this election. Your confidence and support mean a great deal to me. However, it is important to reflect on the fact that, in the run-off election, only the <\/span><b>11%<\/b><span style=\"font-weight: 400;\"> of registered voters participated. This highlights the need for us, as a community, to work together to encourage greater civic participation and ensure that every voice in Doral is heard.<\/span><\/p>\n<p><span style=\"font-weight: 400;\">Let's continue to build a stronger and more united future for our city. Thank you again for your support and commitment to our community.\u201d<\/span><\/p>\n<p><span style=\"font-weight: 400;\">Thank you ,\u00a0<\/span><\/p>\n<p><b>Juan Carlos Esquivel<\/b><\/p>\n<p><b>Your Neighbor\u00a0<\/b><\/p>\n<p>[\/et_pb_text][\/et_pb_column][\/et_pb_row][\/et_pb_section]<\/p>","protected":false},"excerpt":{"rendered":"<p>CONOCE A JUAN CARLOS ESQUIVELMENSAJE DE JUAN CARLOS ESQUIVEL&#8221;Queridos Residentes de Doral, Quiero expresar mi m\u00e1s sincero agradecimiento a todos los que me apoyaron durante esta elecci\u00f3n. Su confianza y respaldo significan much\u00edsimo para m\u00ed. Sin embargo, es importante reflexionar sobre el hecho de que, en la elecci\u00f3n de Segunda Vuelta, solo el 11% de [&hellip;]<\/p>","protected":false},"author":1,"featured_media":0,"parent":0,"menu_order":0,"comment_status":"closed","ping_status":"closed","template":"","meta":{"_et_pb_use_builder":"on","_et_pb_old_content":"","_et_gb_content_width":"","footnotes":""},"class_list":["post-1884","page","type-page","status-publish","hentry"],"_links":{"self":[{"href":"https:\/\/jcesquivelfordoral.com\/en\/wp-json\/wp\/v2\/pages\/1884","targetHints":{"allow":["GET"]}}],"collection":[{"href":"https:\/\/jcesquivelfordoral.com\/en\/wp-json\/wp\/v2\/pages"}],"about":[{"href":"https:\/\/jcesquivelfordoral.com\/en\/wp-json\/wp\/v2\/types\/page"}],"author":[{"embeddable":true,"href":"https:\/\/jcesquivelfordoral.com\/en\/wp-json\/wp\/v2\/users\/1"}],"replies":[{"embeddable":true,"href":"https:\/\/jcesquivelfordoral.com\/en\/wp-json\/wp\/v2\/comments?post=1884"}],"version-history":[{"count":8,"href":"https:\/\/jcesquivelfordoral.com\/en\/wp-json\/wp\/v2\/pages\/1884\/revisions"}],"predecessor-version":[{"id":1899,"href":"https:\/\/jcesquivelfordoral.com\/en\/wp-json\/wp\/v2\/pages\/1884\/revisions\/1899"}],"wp:attachment":[{"href":"https:\/\/jcesquivelfordoral.com\/en\/wp-json\/wp\/v2\/media?parent=1884"}],"curies":[{"name":"wp","href":"https:\/\/api.w.org\/{rel}","templated":true}]}}