{"id":3,"date":"2020-09-11T20:23:13","date_gmt":"2020-09-11T20:23:13","guid":{"rendered":"http:\/\/jcesquivelfordoral.com\/?page_id=3"},"modified":"2024-09-02T16:02:00","modified_gmt":"2024-09-02T16:02:00","slug":"privacy-policy","status":"publish","type":"page","link":"https:\/\/jcesquivelfordoral.com\/en\/privacy-policy\/","title":{"rendered":"Privacy Policy"},"content":{"rendered":"<p>[et_pb_section fb_built=&#8221;1&#8243; _builder_version=&#8221;4.16&#8243; global_colors_info=&#8221;{}&#8221;][et_pb_row _builder_version=&#8221;4.16&#8243; background_size=&#8221;initial&#8221; background_position=&#8221;top_left&#8221; background_repeat=&#8221;repeat&#8221; global_colors_info=&#8221;{}&#8221;][et_pb_column type=&#8221;4_4&#8243; _builder_version=&#8221;4.16&#8243; custom_padding=&#8221;|||&#8221; global_colors_info=&#8221;{}&#8221; custom_padding__hover=&#8221;|||&#8221;][et_pb_text _builder_version=&#8221;4.27.0&#8243; background_size=&#8221;initial&#8221; background_position=&#8221;top_left&#8221; background_repeat=&#8221;repeat&#8221; hover_enabled=&#8221;0&#8243; global_colors_info=&#8221;{}&#8221; sticky_enabled=&#8221;0&#8243;]<\/p>\n<p><strong>Privacy Policy<\/strong><\/p>\n<p>Privacy Policy for Contact Information Collection and Usage by Juan Carlos Esquivel for Doral City Council Seat No. 3  Last Updated: July 11, 2024<\/p>\n<p>Introduction Juan Carlos Esquivel for Doral  (\u201cWe,\u201d \u201cUs,\u201d \u201cOur\u201d) is offering a mobile messaging program (the \u201cProgram\u201d), subject to these Mobile Messaging Terms and Conditions (the \u201cTerms\u201d). If you do not wish to continue participating in the program or no longer agree to these Terms, you can reply \u201cSTOP\u201d to any mobile message from Us in order to opt out of the Program.<\/p>\n<p>By signing up for the program through a form provided on jcesquivelfordoral.com or by giving your information to Us at an in-person event, you are giving your express consent, and opting in to receive automated text messages, alerts, and updates at the phone number you provided. Regardless of your opt-in method you utilized to join the Program, you agree that these Terms apply to your participation in the Program.<br \/>By opting-in you agree to receive autodialed marketing mobile messages and you understand that your consent to be contacted in this method is not required to make any purchase from Us.\nWe will not be liable for any delays in the receipt of any SMS messages as delivery is subject to effective transmission from your mobile service operator. SMS MESSAGE SERVICES ARE PROVIDED ON AN \u201cAS IS\u201d BASIS, AND WE MAKE NO WARRANTY, EXPRESS OR IMPLIED, AND ALL WARRANTIES, INCLUDING IMPLIED WARRANTIES OF MERCHANTABILITY AND FITNESS FOR PARTICULAR PURPOSE, ARE HEREBY EXPRESSLY DISCLAIMED.<br \/>Carriers and our service providers are not liable for delayed or undelivered messages.<br \/>Data obtained from you in connection with this SMS service may include your cell phone number, your carrier\u2019s name, and the date, time and content of your messages, as well as other information that you provide. We may use this information to contact you and to provide the services you request from us. If you change, forfeit, or deactivate the phone number you have provided to Juan Carlos Esquivel for Doral, you agree to notify us immediately.<br \/>By subscribing or otherwise using the service, you acknowledge and agree that we will have the right to change and\/or terminate the service at any time, with or without cause and\/or advance notice.<br \/>To cancel your SMS subscriptions, text STOP in reply to any text message you receive. You will receive a subsequent message confirming your opt-out request.<br \/>For additional help, text HELP in reply to a text message you receive. You can also contact us at jc@jcesquivelfordoral.com for additional assistance.<br \/>Supported carriers may change from time to time, but currently include Verizon Wireless, AT&amp;T, T-Mobile\u00ae, Sprint, Metro\u00ae, Boost, Virgin Mobile USA &amp; U.S. Cellular\u00ae, among others.<br \/>Message and Data Rates May Apply.<br \/>By signing up, you are confirming you are over the age of 13, and are either the wireless account subscriber or have the permission of the wireless account subscriber to send and receive text messages under these Terms and Conditions.<br \/>Your data will not be shared or sold to other third parties.<br \/>Program Availability: Currently, the Program is only available to residents of the United States. You understand and acknowledge that you may not sign up for, access, or attempt to access or use the Program from countries outside of the U.S. You agree to abide by U.S. and other applicable export control laws and not to transfer, by electronic transmission or otherwise, any content or software subject to restrictions under such laws to a national destination or person prohibited under such laws.<\/p>\n<p>[\/et_pb_text][\/et_pb_column][\/et_pb_row][\/et_pb_section]<\/p>","protected":false},"excerpt":{"rendered":"<p>Pol\u00edtica de Privacidad Pol\u00edtica de Privacidad para la Recolecci\u00f3n y Uso de Informaci\u00f3n de Contacto por Juan Carlos Esquivel para el Esca\u00f1o No. 3 del Concejo Municipal de Doral \u00daltima actualizaci\u00f3n: 11 de julio de 2024 Introducci\u00f3n Juan Carlos Esquivel para Doral (\u00abNosotros\u00bb, \u00abNos\u00bb, \u00abNuestro\u00bb) est\u00e1 ofreciendo un programa de mensajer\u00eda m\u00f3vil (el \u00abPrograma\u00bb), sujeto [&hellip;]<\/p>","protected":false},"author":1,"featured_media":0,"parent":0,"menu_order":0,"comment_status":"closed","ping_status":"open","template":"","meta":{"_et_pb_use_builder":"on","_et_pb_old_content":"<!-- wp:heading --><h2>Who we are<\/h2><!-- \/wp:heading --><!-- wp:paragraph --><p>Our website address is: http:\/\/jcesquivelfordoral.com.<\/p><!-- \/wp:paragraph --><!-- wp:heading --><h2>What personal data we collect and why we collect it<\/h2><!-- \/wp:heading --><!-- wp:heading {\"level\":3} --><h3>Comments<\/h3><!-- \/wp:heading --><!-- wp:paragraph --><p>When visitors leave comments on the site we collect the data shown in the comments form, and also the visitor&#8217;s IP address and browser user agent string to help spam detection.<\/p><!-- \/wp:paragraph --><!-- wp:paragraph --><p>An anonymized string created from your email address (also called a hash) may be provided to the Gravatar service to see if you are using it. The Gravatar service privacy policy is available here: https:\/\/automattic.com\/privacy\/. After approval of your comment, your profile picture is visible to the public in the context of your comment.<\/p><!-- \/wp:paragraph --><!-- wp:heading {\"level\":3} --><h3>Media<\/h3><!-- \/wp:heading --><!-- wp:paragraph --><p>If you upload images to the website, you should avoid uploading images with embedded location data (EXIF GPS) included. Visitors to the website can download and extract any location data from images on the website.<\/p><!-- \/wp:paragraph --><!-- wp:heading {\"level\":3} --><h3>Contact forms<\/h3><!-- \/wp:heading --><!-- wp:heading {\"level\":3} --><h3>Cookies<\/h3><!-- \/wp:heading --><!-- wp:paragraph --><p>If you leave a comment on our site you may opt-in to saving your name, email address and website in cookies. These are for your convenience so that you do not have to fill in your details again when you leave another comment. These cookies will last for one year.<\/p><!-- \/wp:paragraph --><!-- wp:paragraph --><p>If you visit our login page, we will set a temporary cookie to determine if your browser accepts cookies. This cookie contains no personal data and is discarded when you close your browser.<\/p><!-- \/wp:paragraph --><!-- wp:paragraph --><p>When you log in, we will also set up several cookies to save your login information and your screen display choices. Login cookies last for two days, and screen options cookies last for a year. If you select &quot;Remember Me&quot;, your login will persist for two weeks. If you log out of your account, the login cookies will be removed.<\/p><!-- \/wp:paragraph --><!-- wp:paragraph --><p>If you edit or publish an article, an additional cookie will be saved in your browser. This cookie includes no personal data and simply indicates the post ID of the article you just edited. It expires after 1 day.<\/p><!-- \/wp:paragraph --><!-- wp:heading {\"level\":3} --><h3>Embedded content from other websites<\/h3><!-- \/wp:heading --><!-- wp:paragraph --><p>Articles on this site may include embedded content (e.g. videos, images, articles, etc.). Embedded content from other websites behaves in the exact same way as if the visitor has visited the other website.<\/p><!-- \/wp:paragraph --><!-- wp:paragraph --><p>These websites may collect data about you, use cookies, embed additional third-party tracking, and monitor your interaction with that embedded content, including tracking your interaction with the embedded content if you have an account and are logged in to that website.<\/p><!-- \/wp:paragraph --><!-- wp:heading {\"level\":3} --><h3>Analytics<\/h3><!-- \/wp:heading --><!-- wp:heading --><h2>Who we share your data with<\/h2><!-- \/wp:heading --><!-- wp:heading --><h2>How long we retain your data<\/h2><!-- \/wp:heading --><!-- wp:paragraph --><p>If you leave a comment, the comment and its metadata are retained indefinitely. This is so we can recognize and approve any follow-up comments automatically instead of holding them in a moderation queue.<\/p><!-- \/wp:paragraph --><!-- wp:paragraph --><p>For users that register on our website (if any), we also store the personal information they provide in their user profile. All users can see, edit, or delete their personal information at any time (except they cannot change their username). Website administrators can also see and edit that information.<\/p><!-- \/wp:paragraph --><!-- wp:heading --><h2>What rights you have over your data<\/h2><!-- \/wp:heading --><!-- wp:paragraph --><p>If you have an account on this site, or have left comments, you can request to receive an exported file of the personal data we hold about you, including any data you have provided to us. You can also request that we erase any personal data we hold about you. This does not include any data we are obliged to keep for administrative, legal, or security purposes.<\/p><!-- \/wp:paragraph --><!-- wp:heading --><h2>Where we send your data<\/h2><!-- \/wp:heading --><!-- wp:paragraph --><p>Visitor comments may be checked through an automated spam detection service.<\/p><!-- \/wp:paragraph --><!-- wp:heading --><h2>Your contact information<\/h2><!-- \/wp:heading --><!-- wp:heading --><h2>Additional information<\/h2><!-- \/wp:heading --><!-- wp:heading {\"level\":3} --><h3>How we protect your data<\/h3><!-- \/wp:heading --><!-- wp:heading {\"level\":3} --><h3>What data breach procedures we have in place<\/h3><!-- \/wp:heading --><!-- wp:heading {\"level\":3} --><h3>What third parties we receive data from<\/h3><!-- \/wp:heading --><!-- wp:heading {\"level\":3} --><h3>What automated decision making and\/or profiling we do with user data<\/h3><!-- \/wp:heading --><!-- wp:heading {\"level\":3} --><h3>Industry regulatory disclosure requirements<\/h3><!-- \/wp:heading -->","_et_gb_content_width":"","footnotes":""},"class_list":["post-3","page","type-page","status-publish","hentry"],"_links":{"self":[{"href":"https:\/\/jcesquivelfordoral.com\/en\/wp-json\/wp\/v2\/pages\/3","targetHints":{"allow":["GET"]}}],"collection":[{"href":"https:\/\/jcesquivelfordoral.com\/en\/wp-json\/wp\/v2\/pages"}],"about":[{"href":"https:\/\/jcesquivelfordoral.com\/en\/wp-json\/wp\/v2\/types\/page"}],"author":[{"embeddable":true,"href":"https:\/\/jcesquivelfordoral.com\/en\/wp-json\/wp\/v2\/users\/1"}],"replies":[{"embeddable":true,"href":"https:\/\/jcesquivelfordoral.com\/en\/wp-json\/wp\/v2\/comments?post=3"}],"version-history":[{"count":4,"href":"https:\/\/jcesquivelfordoral.com\/en\/wp-json\/wp\/v2\/pages\/3\/revisions"}],"predecessor-version":[{"id":1705,"href":"https:\/\/jcesquivelfordoral.com\/en\/wp-json\/wp\/v2\/pages\/3\/revisions\/1705"}],"wp:attachment":[{"href":"https:\/\/jcesquivelfordoral.com\/en\/wp-json\/wp\/v2\/media?parent=3"}],"curies":[{"name":"wp","href":"https:\/\/api.w.org\/{rel}","templated":true}]}}