{"id":1543,"date":"2024-06-25T12:54:34","date_gmt":"2024-06-25T12:54:34","guid":{"rendered":"https:\/\/jcesquivelfordoral.com\/?page_id=1543"},"modified":"2024-11-13T23:51:19","modified_gmt":"2024-11-13T23:51:19","slug":"momentos","status":"publish","type":"page","link":"https:\/\/jcesquivelfordoral.com\/pt\/momentos\/","title":{"rendered":"Momentos"},"content":{"rendered":"<p>[et_pb_section fb_built=&#8221;1&#8243; custom_padding_last_edited=&#8221;off|tablet&#8221; admin_label=&#8221;Header&#8221; _builder_version=&#8221;4.25.2&#8243; use_background_color_gradient=&#8221;on&#8221; background_color_gradient_direction=&#8221;90deg&#8221; background_color_gradient_stops=&#8221;rgba(0,0,0,0.75) 0%|rgba(0,0,0,0) 100%&#8221; background_color_gradient_overlays_image=&#8221;on&#8221; background_color_gradient_start=&#8221;rgba(0,0,0,0.75)&#8221; background_color_gradient_end=&#8221;rgba(0,0,0,0)&#8221; background_image=&#8221;https:\/\/jcesquivelfordoral.com\/wp-content\/uploads\/2024\/06\/ffe2a6d3-1ba8-4404-bfe3-88729c1752e0.jpg&#8221; background_position=&#8221;top_center&#8221; custom_padding=&#8221;15px|0px|15px||true|false&#8221; custom_padding_tablet=&#8221;0px||12vw||false|false&#8221; custom_padding_phone=&#8221;0px||20vw||false|false&#8221; box_shadow_horizontal_tablet=&#8221;0vw&#8221; box_shadow_horizontal_phone=&#8221;0vw&#8221; box_shadow_horizontal_last_edited=&#8221;on|tablet&#8221; locked=&#8221;off&#8221; global_colors_info=&#8221;{}&#8221;][et_pb_row custom_padding_last_edited=&#8221;on|desktop&#8221; _builder_version=&#8221;4.25.2&#8243; max_width=&#8221;1180px&#8221; custom_margin=&#8221;|auto|43px|auto|false|false&#8221; custom_padding=&#8221;12vw|50px|0px|50px|false|true&#8221; custom_padding_tablet=&#8221;12vw||||false|true&#8221; custom_padding_phone=&#8221;20vw||||false|false&#8221; border_color_all=&#8221;RGBA(255,255,255,0)&#8221; border_width_left=&#8221;2px&#8221; global_colors_info=&#8221;{}&#8221;][et_pb_column type=&#8221;4_4&#8243; _builder_version=&#8221;4.16&#8243; global_colors_info=&#8221;{}&#8221;][et_pb_text _builder_version=&#8221;4.25.2&#8243; header_font=&#8221;Montserrat|700||on|||||&#8221; header_font_size=&#8221;84px&#8221; header_4_font=&#8221;Merriweather||||||||&#8221; header_4_text_color=&#8221;#e94558&#8243; header_4_font_size=&#8221;24px&#8221; background_layout=&#8221;dark&#8221; max_width=&#8221;800px&#8221; custom_padding=&#8221;188px|||||&#8221; header_font_size_tablet=&#8221;80px&#8221; header_font_size_phone=&#8221;30px&#8221; header_font_size_last_edited=&#8221;on|desktop&#8221; header_4_font_size_tablet=&#8221;20px&#8221; header_4_font_size_phone=&#8221;16px&#8221; header_4_font_size_last_edited=&#8221;on|phone&#8221; border_color_all=&#8221;RGBA(255,255,255,0)&#8221; global_colors_info=&#8221;{}&#8221;]<\/p>\n<h1>Momentos<\/h1>\n<p>[\/et_pb_text][\/et_pb_column][\/et_pb_row][\/et_pb_section][et_pb_section fb_built=&#8221;1&#8243; specialty=&#8221;on&#8221; admin_label=&#8221;Timeline&#8221; _builder_version=&#8221;4.25.2&#8243; background_enable_color=&#8221;off&#8221; global_colors_info=&#8221;{}&#8221;][et_pb_column type=&#8221;1_3&#8243; _builder_version=&#8221;4.16&#8243; custom_padding=&#8221;|||&#8221; global_colors_info=&#8221;{}&#8221; custom_padding__hover=&#8221;|||&#8221;][et_pb_text _builder_version=&#8221;4.25.2&#8243; text_font=&#8221;|600|||||||&#8221; text_line_height=&#8221;1.8em&#8221; header_2_font=&#8221;Montserrat|700||on|||||&#8221; header_2_font_size=&#8221;60px&#8221; header_4_font=&#8221;Merriweather||||||||&#8221; header_4_text_color=&#8221;#e94558&#8243; header_4_line_height=&#8221;1.4em&#8221; header_2_font_size_tablet=&#8221;60px&#8221; header_2_font_size_phone=&#8221;35px&#8221; header_2_font_size_last_edited=&#8221;on|desktop&#8221; header_4_font_size_tablet=&#8221;20px&#8221; header_4_font_size_phone=&#8221;14px&#8221; header_4_font_size_last_edited=&#8221;on|phone&#8221; locked=&#8221;off&#8221; global_colors_info=&#8221;{}&#8221;]<\/p>\n<h4>Juan Carlos Esquivel For Doral<\/h4>\n<h2>Galer\u00eda de Fotos<\/h2>\n<p>[\/et_pb_text][\/et_pb_column][et_pb_column type=&#8221;2_3&#8243; specialty_columns=&#8221;2&#8243; _builder_version=&#8221;4.16&#8243; custom_padding=&#8221;|||&#8221; global_colors_info=&#8221;{}&#8221; custom_padding__hover=&#8221;|||&#8221;][et_pb_row_inner column_structure=&#8221;1_2,1_2&#8243; _builder_version=&#8221;4.16&#8243; custom_padding=&#8221;|||30px|false|false&#8221; border_color_all=&#8221;#e94558&#8243; border_width_left=&#8221;2px&#8221; global_colors_info=&#8221;{}&#8221;][et_pb_column_inner type=&#8221;1_2&#8243; saved_specialty_column_type=&#8221;2_3&#8243; _builder_version=&#8221;4.16&#8243; global_colors_info=&#8221;{}&#8221;][et_pb_blurb title=&#8221;23 de mayo&#8221; url=&#8221;https:\/\/jcesquivelfordoral.com\/es\/inscripcion-2024\/&#8221; use_icon=&#8221;on&#8221; font_icon=&#8221;&#x5e;||divi||400&#8243; icon_color=&#8221;#e94558&#8243; icon_placement=&#8221;left&#8221; image_icon_width=&#8221;40px&#8221; content_max_width=&#8221;100%&#8221; _builder_version=&#8221;4.25.2&#8243; header_level=&#8221;h5&#8243; header_font=&#8221;Oswald|||on|||||&#8221; header_text_color=&#8221;#e94558&#8243; header_line_height=&#8221;1.4em&#8221; body_font=&#8221;Merriweather|700|||||||&#8221; body_text_color=&#8221;#000000&#8243; body_font_size=&#8221;20px&#8221; body_line_height=&#8221;1.8em&#8221; custom_margin=&#8221;|||-51px|false|false&#8221; body_font_size_tablet=&#8221;18px&#8221; body_font_size_phone=&#8221;16px&#8221; body_font_size_last_edited=&#8221;on|phone&#8221; icon_font_size=&#8221;40px&#8221; locked=&#8221;off&#8221; global_colors_info=&#8221;{}&#8221;]<\/p>\n<p>Inscripci\u00f3n<\/p>\n<p>[\/et_pb_blurb][\/et_pb_column_inner][et_pb_column_inner type=&#8221;1_2&#8243; saved_specialty_column_type=&#8221;2_3&#8243; _builder_version=&#8221;4.16&#8243; global_colors_info=&#8221;{}&#8221;][et_pb_image src=&#8221;https:\/\/jcesquivelfordoral.com\/wp-content\/uploads\/2024\/06\/IMG_9810.jpg&#8221; title_text=&#8221;IMG_9810&#8243; url=&#8221;https:\/\/jcesquivelfordoral.com\/es\/inscripcion-2024\/&#8221; _builder_version=&#8221;4.25.2&#8243; _module_preset=&#8221;default&#8221; global_colors_info=&#8221;{}&#8221;][\/et_pb_image][\/et_pb_column_inner][\/et_pb_row_inner][et_pb_row_inner column_structure=&#8221;1_2,1_2&#8243; _builder_version=&#8221;4.16&#8243; custom_padding=&#8221;|||30px|false|false&#8221; border_color_all=&#8221;#e94558&#8243; border_width_left=&#8221;2px&#8221; global_colors_info=&#8221;{}&#8221;][et_pb_column_inner type=&#8221;1_2&#8243; saved_specialty_column_type=&#8221;2_3&#8243; _builder_version=&#8221;4.16&#8243; global_colors_info=&#8221;{}&#8221;][et_pb_blurb title=&#8221;27 de mayo&#8221; url=&#8221;https:\/\/jcesquivelfordoral.com\/memorial-day\/&#8221; use_icon=&#8221;on&#8221; font_icon=&#8221;&#x5e;||divi||400&#8243; icon_color=&#8221;#e94558&#8243; icon_placement=&#8221;left&#8221; image_icon_width=&#8221;40px&#8221; content_max_width=&#8221;100%&#8221; _builder_version=&#8221;4.26.1&#8243; header_level=&#8221;h5&#8243; header_font=&#8221;Oswald|||on|||||&#8221; header_text_color=&#8221;#e94558&#8243; header_line_height=&#8221;1.4em&#8221; body_font=&#8221;Merriweather|700|||||||&#8221; body_text_color=&#8221;#000000&#8243; body_font_size=&#8221;20px&#8221; body_line_height=&#8221;1.8em&#8221; custom_margin=&#8221;|||-51px|false|false&#8221; body_font_size_tablet=&#8221;18px&#8221; body_font_size_phone=&#8221;16px&#8221; body_font_size_last_edited=&#8221;on|phone&#8221; icon_font_size=&#8221;40px&#8221; locked=&#8221;off&#8221; global_colors_info=&#8221;{}&#8221;]<\/p>\n<p>Memorial Day<\/p>\n<p>[\/et_pb_blurb][\/et_pb_column_inner][et_pb_column_inner type=&#8221;1_2&#8243; saved_specialty_column_type=&#8221;2_3&#8243; _builder_version=&#8221;4.16&#8243; global_colors_info=&#8221;{}&#8221;][et_pb_image src=&#8221;https:\/\/jcesquivelfordoral.com\/wp-content\/uploads\/2024\/06\/IMG_9914.jpg&#8221; title_text=&#8221;IMG_9914&#8243; url=&#8221;https:\/\/jcesquivelfordoral.com\/memorial-day\/&#8221; _builder_version=&#8221;4.26.1&#8243; _module_preset=&#8221;default&#8221; global_colors_info=&#8221;{}&#8221;][\/et_pb_image][\/et_pb_column_inner][\/et_pb_row_inner][et_pb_row_inner column_structure=&#8221;1_2,1_2&#8243; _builder_version=&#8221;4.16&#8243; custom_padding=&#8221;|||30px|false|false&#8221; border_color_all=&#8221;#e94558&#8243; border_width_left=&#8221;2px&#8221; global_colors_info=&#8221;{}&#8221;][et_pb_column_inner type=&#8221;1_2&#8243; saved_specialty_column_type=&#8221;2_3&#8243; _builder_version=&#8221;4.16&#8243; global_colors_info=&#8221;{}&#8221;][et_pb_blurb title=&#8221;20 de junio&#8221; url=&#8221;https:\/\/jcesquivelfordoral.com\/kick-off\/&#8221; use_icon=&#8221;on&#8221; font_icon=&#8221;&#x5e;||divi||400&#8243; icon_color=&#8221;#e94558&#8243; icon_placement=&#8221;left&#8221; image_icon_width=&#8221;40px&#8221; content_max_width=&#8221;100%&#8221; _builder_version=&#8221;4.26.1&#8243; header_level=&#8221;h5&#8243; header_font=&#8221;Oswald|||on|||||&#8221; header_text_color=&#8221;#e94558&#8243; header_line_height=&#8221;1.4em&#8221; body_font=&#8221;Merriweather|700|||||||&#8221; body_text_color=&#8221;#000000&#8243; body_font_size=&#8221;20px&#8221; body_line_height=&#8221;1.8em&#8221; custom_margin=&#8221;|||-51px|false|false&#8221; body_font_size_tablet=&#8221;18px&#8221; body_font_size_phone=&#8221;16px&#8221; body_font_size_last_edited=&#8221;on|phone&#8221; icon_font_size=&#8221;40px&#8221; locked=&#8221;off&#8221; global_colors_info=&#8221;{}&#8221;]<\/p>\n<p>Kick off<\/p>\n<p>[\/et_pb_blurb][\/et_pb_column_inner][et_pb_column_inner type=&#8221;1_2&#8243; saved_specialty_column_type=&#8221;2_3&#8243; _builder_version=&#8221;4.16&#8243; global_colors_info=&#8221;{}&#8221;][et_pb_image src=&#8221;https:\/\/jcesquivelfordoral.com\/wp-content\/uploads\/2024\/06\/IMG_0306.jpg&#8221; title_text=&#8221;IMG_0306&#8243; url=&#8221;https:\/\/jcesquivelfordoral.com\/kick-off\/&#8221; _builder_version=&#8221;4.26.1&#8243; _module_preset=&#8221;default&#8221; global_colors_info=&#8221;{}&#8221;][\/et_pb_image][\/et_pb_column_inner][\/et_pb_row_inner][et_pb_row_inner column_structure=&#8221;1_2,1_2&#8243; _builder_version=&#8221;4.16&#8243; custom_padding=&#8221;|||30px|false|false&#8221; border_color_all=&#8221;#e94558&#8243; border_width_left=&#8221;2px&#8221; global_colors_info=&#8221;{}&#8221;][et_pb_column_inner type=&#8221;1_2&#8243; saved_specialty_column_type=&#8221;2_3&#8243; _builder_version=&#8221;4.16&#8243; global_colors_info=&#8221;{}&#8221;][et_pb_blurb title=&#8221;4 de julio&#8221; url=&#8221;https:\/\/jcesquivelfordoral.com\/4-de-julio\/&#8221; use_icon=&#8221;on&#8221; font_icon=&#8221;&#x5e;||divi||400&#8243; icon_color=&#8221;#e94558&#8243; icon_placement=&#8221;left&#8221; image_icon_width=&#8221;40px&#8221; content_max_width=&#8221;100%&#8221; _builder_version=&#8221;4.26.1&#8243; header_level=&#8221;h5&#8243; header_font=&#8221;Oswald|||on|||||&#8221; header_text_color=&#8221;#e94558&#8243; header_line_height=&#8221;1.4em&#8221; body_font=&#8221;Merriweather|700|||||||&#8221; body_text_color=&#8221;#000000&#8243; body_font_size=&#8221;20px&#8221; body_line_height=&#8221;1.8em&#8221; custom_margin=&#8221;|||-51px|false|false&#8221; hover_enabled=&#8221;0&#8243; body_font_size_tablet=&#8221;18px&#8221; body_font_size_phone=&#8221;16px&#8221; body_font_size_last_edited=&#8221;on|phone&#8221; icon_font_size=&#8221;40px&#8221; locked=&#8221;off&#8221; global_colors_info=&#8221;{}&#8221; sticky_enabled=&#8221;0&#8243;]<\/p>\n<p>Evento dia de independencia<\/p>\n<p>[\/et_pb_blurb][\/et_pb_column_inner][et_pb_column_inner type=&#8221;1_2&#8243; saved_specialty_column_type=&#8221;2_3&#8243; _builder_version=&#8221;4.16&#8243; global_colors_info=&#8221;{}&#8221;][et_pb_image src=&#8221;https:\/\/jcesquivelfordoral.com\/wp-content\/uploads\/2024\/07\/IMG_4895.jpg&#8221; title_text=&#8221;IMG_4895&#8243; url=&#8221;https:\/\/jcesquivelfordoral.com\/4-de-julio\/&#8221; _builder_version=&#8221;4.26.1&#8243; _module_preset=&#8221;default&#8221; global_colors_info=&#8221;{}&#8221;][\/et_pb_image][\/et_pb_column_inner][\/et_pb_row_inner][et_pb_row_inner column_structure=&#8221;1_2,1_2&#8243; _builder_version=&#8221;4.16&#8243; custom_padding=&#8221;|||30px|false|false&#8221; border_color_all=&#8221;#e94558&#8243; border_width_left=&#8221;2px&#8221; global_colors_info=&#8221;{}&#8221;][et_pb_column_inner type=&#8221;1_2&#8243; saved_specialty_column_type=&#8221;2_3&#8243; _builder_version=&#8221;4.16&#8243; global_colors_info=&#8221;{}&#8221;][et_pb_blurb title=&#8221;5 de noviembre&#8221; url=&#8221;https:\/\/jcesquivelfordoral.com\/envira\/votacion-preliminar\/&#8221; use_icon=&#8221;on&#8221; font_icon=&#8221;&#x5e;||divi||400&#8243; icon_color=&#8221;#e94558&#8243; icon_placement=&#8221;left&#8221; image_icon_width=&#8221;40px&#8221; content_max_width=&#8221;100%&#8221; _builder_version=&#8221;4.27.3&#8243; header_level=&#8221;h5&#8243; header_font=&#8221;Oswald|||on|||||&#8221; header_text_color=&#8221;#e94558&#8243; header_line_height=&#8221;1.4em&#8221; body_font=&#8221;Merriweather|700|||||||&#8221; body_text_color=&#8221;#000000&#8243; body_font_size=&#8221;20px&#8221; body_line_height=&#8221;1.8em&#8221; custom_margin=&#8221;|||-51px|false|false&#8221; hover_enabled=&#8221;0&#8243; body_font_size_tablet=&#8221;18px&#8221; body_font_size_phone=&#8221;16px&#8221; body_font_size_last_edited=&#8221;on|phone&#8221; icon_font_size=&#8221;40px&#8221; locked=&#8221;off&#8221; global_colors_info=&#8221;{}&#8221; sticky_enabled=&#8221;0&#8243;]<\/p>\n<p>Votaci\u00f3n Preliminar<\/p>\n<p>[\/et_pb_blurb][\/et_pb_column_inner][et_pb_column_inner type=&#8221;1_2&#8243; saved_specialty_column_type=&#8221;2_3&#8243; _builder_version=&#8221;4.16&#8243; global_colors_info=&#8221;{}&#8221;][et_pb_image src=&#8221;https:\/\/jcesquivelfordoral.com\/wp-content\/uploads\/2024\/11\/WhatsApp-Image-2024-11-13-at-9.50.43-AM-6-1.jpeg&#8221; title_text=&#8221;WhatsApp Image 2024-11-13 at 9.50.43 AM (6)&#8221; url=&#8221;https:\/\/jcesquivelfordoral.com\/envira\/votacion-preliminar\/&#8221; _builder_version=&#8221;4.27.3&#8243; _module_preset=&#8221;default&#8221; hover_enabled=&#8221;0&#8243; global_colors_info=&#8221;{}&#8221; sticky_enabled=&#8221;0&#8243;][\/et_pb_image][\/et_pb_column_inner][\/et_pb_row_inner][\/et_pb_column][\/et_pb_section]<\/p>","protected":false},"excerpt":{"rendered":"<p>MomentosJuan Carlos Esquivel For Doral Galer\u00eda de FotosInscripci\u00f3nMemorial DayKick offEvento dia de independenciaVotaci\u00f3n Preliminar<\/p>","protected":false},"author":1,"featured_media":0,"parent":0,"menu_order":0,"comment_status":"closed","ping_status":"closed","template":"","meta":{"_et_pb_use_builder":"on","_et_pb_old_content":"","_et_gb_content_width":"","footnotes":""},"class_list":["post-1543","page","type-page","status-publish","hentry"],"_links":{"self":[{"href":"https:\/\/jcesquivelfordoral.com\/pt\/wp-json\/wp\/v2\/pages\/1543","targetHints":{"allow":["GET"]}}],"collection":[{"href":"https:\/\/jcesquivelfordoral.com\/pt\/wp-json\/wp\/v2\/pages"}],"about":[{"href":"https:\/\/jcesquivelfordoral.com\/pt\/wp-json\/wp\/v2\/types\/page"}],"author":[{"embeddable":true,"href":"https:\/\/jcesquivelfordoral.com\/pt\/wp-json\/wp\/v2\/users\/1"}],"replies":[{"embeddable":true,"href":"https:\/\/jcesquivelfordoral.com\/pt\/wp-json\/wp\/v2\/comments?post=1543"}],"version-history":[{"count":22,"href":"https:\/\/jcesquivelfordoral.com\/pt\/wp-json\/wp\/v2\/pages\/1543\/revisions"}],"predecessor-version":[{"id":1877,"href":"https:\/\/jcesquivelfordoral.com\/pt\/wp-json\/wp\/v2\/pages\/1543\/revisions\/1877"}],"wp:attachment":[{"href":"https:\/\/jcesquivelfordoral.com\/pt\/wp-json\/wp\/v2\/media?parent=1543"}],"curies":[{"name":"wp","href":"https:\/\/api.w.org\/{rel}","templated":true}]}}