{"id":22,"date":"2020-09-12T03:49:59","date_gmt":"2020-09-12T03:49:59","guid":{"rendered":"http:\/\/jcesquivelfordoral.com\/?page_id=22"},"modified":"2024-12-17T16:34:38","modified_gmt":"2024-12-17T16:34:38","slug":"about-me","status":"publish","type":"page","link":"https:\/\/jcesquivelfordoral.com\/pt\/about-me\/","title":{"rendered":"About me"},"content":{"rendered":"<p>[et_pb_section fb_built=&#8221;1&#8243; custom_padding_last_edited=&#8221;on|phone&#8221; admin_label=&#8221;Header&#8221; _builder_version=&#8221;4.25.1&#8243; _module_preset=&#8221;default&#8221; background_enable_color=&#8221;off&#8221; use_background_color_gradient=&#8221;on&#8221; background_color_gradient_direction=&#8221;90deg&#8221; background_color_gradient_stops=&#8221;#1b1b5e 0%|rgba(255,255,255,0) 52%&#8221; background_color_gradient_overlays_image=&#8221;on&#8221; background_image=&#8221;https:\/\/jcesquivelfordoral.com\/wp-content\/uploads\/2024\/06\/banner-about-me-juan-carlos-esquuivel-1.jpg&#8221; background_position=&#8221;top_center&#8221; background_vertical_offset=&#8221;17%&#8221; overflow-x=&#8221;hidden&#8221; overflow-y=&#8221;hidden&#8221; custom_margin=&#8221;0px||||false|false&#8221; custom_margin_tablet=&#8221;-29px||-154px||false|false&#8221; custom_margin_phone=&#8221;-21px||-105px||false|false&#8221; custom_margin_last_edited=&#8221;on|desktop&#8221; custom_padding=&#8221;207px||207px||true|false&#8221; custom_padding_tablet=&#8221;207px||207px||true|false&#8221; custom_padding_phone=&#8221;98px||98px||true|false&#8221; background_last_edited=&#8221;on|tablet&#8221; parallax_phone=&#8221;off&#8221; background_size_tablet=&#8221;custom&#8221; background_size_phone=&#8221;custom&#8221; background_image_height_tablet=&#8221;69%&#8221; background_image_height_phone=&#8221;79%&#8221; locked=&#8221;off&#8221; global_colors_info=&#8221;{%22gcid-1a0de535-da79-4528-8eb1-c8e564b3cc22%22:%91%22background_color%22%93,%22gcid-96ded951-3ae3-46a2-829e-362b8dc8ef96%22:%91%22colorEnd%22%93}&#8221;][et_pb_row column_structure=&#8221;3_5,2_5&#8243; custom_padding_last_edited=&#8221;on|phone&#8221; _builder_version=&#8221;4.25.1&#8243; _module_preset=&#8221;default&#8221; custom_margin_tablet=&#8221;&#8221; custom_margin_phone=&#8221;|||38px|false|false&#8221; custom_margin_last_edited=&#8221;on|phone&#8221; custom_padding=&#8221;73px||||false|false&#8221; custom_padding_tablet=&#8221;73px||||false|false&#8221; custom_padding_phone=&#8221;178px||0px|99px|false|false&#8221; global_colors_info=&#8221;{}&#8221;][et_pb_column type=&#8221;3_5&#8243; _builder_version=&#8221;4.16&#8243; _module_preset=&#8221;default&#8221; global_colors_info=&#8221;{}&#8221;][et_pb_text _builder_version=&#8221;4.25.2&#8243; _module_preset=&#8221;d72c0383-6487-4f2c-ac5c-7d48a6376757&#8243; header_font=&#8221;Montserrat|700|||||||&#8221; header_text_color=&#8221;#fefa17&#8243; header_font_size=&#8221;44px&#8221; custom_margin_tablet=&#8221;||-106px||false|false&#8221; custom_margin_phone=&#8221;||1px||false|false&#8221; custom_margin_last_edited=&#8221;on|phone&#8221; custom_padding=&#8221;||0px||false|false&#8221; custom_padding_last_edited=&#8221;off|tablet&#8221; header_font_size_tablet=&#8221;50px&#8221; header_font_size_phone=&#8221;24px&#8221; header_font_size_last_edited=&#8221;on|phone&#8221; header_text_shadow_style=&#8221;preset1&#8243; header_text_shadow_horizontal_length=&#8221;-0.05em&#8221; header_text_shadow_vertical_length=&#8221;0.05em&#8221; header_text_shadow_color=&#8221;#000000&#8243; global_colors_info=&#8221;{}&#8221;]<\/p>\n<h1>Sobre mim<\/h1>\n<p>[\/et_pb_text][\/et_pb_column][et_pb_column type=&#8221;2_5&#8243; _builder_version=&#8221;4.16&#8243; _module_preset=&#8221;default&#8221; global_colors_info=&#8221;{}&#8221;][\/et_pb_column][\/et_pb_row][\/et_pb_section][et_pb_section fb_built=&#8221;1&#8243; admin_label=&#8221;Title&#8221; _builder_version=&#8221;4.25.1&#8243; _module_preset=&#8221;default&#8221; background_color=&#8221;#1b1b5e&#8221; custom_padding=&#8221;0px||0px|||&#8221; locked=&#8221;off&#8221; global_colors_info=&#8221;{}&#8221;][et_pb_row column_structure=&#8221;1_3,1_3,1_3&#8243; _builder_version=&#8221;4.16&#8243; _module_preset=&#8221;default&#8221; global_colors_info=&#8221;{}&#8221;][et_pb_column type=&#8221;1_3&#8243; _builder_version=&#8221;4.16&#8243; _module_preset=&#8221;default&#8221; global_colors_info=&#8221;{}&#8221;][et_pb_text _builder_version=&#8221;4.25.1&#8243; _module_preset=&#8221;default&#8221; header_font=&#8221;Montserrat|700|||||||&#8221; header_text_color=&#8221;#ff3131&#8243; header_font_size=&#8221;37px&#8221; global_colors_info=&#8221;{}&#8221;]<\/p>\n<h1>Junte-se ao nosso movimiento<\/h1>\n<p>[\/et_pb_text][\/et_pb_column][et_pb_column type=&#8221;1_3&#8243; _builder_version=&#8221;4.16&#8243; _module_preset=&#8221;default&#8221; global_colors_info=&#8221;{}&#8221;][et_pb_button button_url=&#8221;https:\/\/secure.anedot.com\/juan-carlos-esquivel-for-doral-seat-no-3-24\/d6dfe85d-8566-47f2-8425-18ec47943dbe&#8221; button_text=&#8221;CONTRIBUTE&#8221; button_alignment=&#8221;center&#8221; _builder_version=&#8221;4.25.1&#8243; _module_preset=&#8221;default&#8221; custom_button=&#8221;on&#8221; button_text_size=&#8221;22px&#8221; button_text_color=&#8221;#E02B20&#8243; button_bg_color=&#8221;#fefa17&#8243; button_border_width=&#8221;0px&#8221; button_font=&#8221;Montserrat|500|||||||&#8221; custom_margin=&#8221;22px||||false|false&#8221; custom_padding=&#8221;|89px||89px|false|true&#8221; global_colors_info=&#8221;{}&#8221;][\/et_pb_button][\/et_pb_column][et_pb_column type=&#8221;1_3&#8243; _builder_version=&#8221;4.16&#8243; _module_preset=&#8221;default&#8221; global_colors_info=&#8221;{}&#8221;][et_pb_button button_url=&#8221;https:\/\/jcesquivelfordoral.com\/be-a-volunteer\/&#8221; button_text=&#8221;VOLUNTEER&#8221; button_alignment=&#8221;center&#8221; _builder_version=&#8221;4.25.1&#8243; _module_preset=&#8221;default&#8221; custom_button=&#8221;on&#8221; button_text_size=&#8221;22px&#8221; button_text_color=&#8221;#FFFFFF&#8221; button_bg_color=&#8221;#ff3131&#8243; button_border_width=&#8221;0px&#8221; button_font=&#8221;Montserrat|500|||||||&#8221; custom_margin=&#8221;22px||||false|false&#8221; custom_padding=&#8221;|89px||89px|false|true&#8221; global_colors_info=&#8221;{}&#8221;][\/et_pb_button][\/et_pb_column][\/et_pb_row][\/et_pb_section][et_pb_section fb_built=&#8221;1&#8243; admin_label=&#8221;Coffee Menu&#8221; _builder_version=&#8221;4.16&#8243; background_enable_image=&#8221;off&#8221; custom_padding=&#8221;0px||0px|||&#8221; global_colors_info=&#8221;{}&#8221;][et_pb_row column_structure=&#8221;1_2,1_2&#8243; _builder_version=&#8221;4.25.1&#8243; _module_preset=&#8221;default&#8221; custom_padding=&#8221;64px|||||&#8221; global_colors_info=&#8221;{}&#8221;][et_pb_column type=&#8221;1_2&#8243; _builder_version=&#8221;4.25.1&#8243; _module_preset=&#8221;default&#8221; global_colors_info=&#8221;{}&#8221;][et_pb_text _builder_version=&#8221;4.25.1&#8243; _module_preset=&#8221;default&#8221; text_font=&#8221;Montserrat||||||||&#8221; text_font_size=&#8221;16px&#8221; custom_padding=&#8221;61px|||||&#8221; custom_padding_tablet=&#8221;61px|||||&#8221; custom_padding_phone=&#8221;0px||||false|false&#8221; custom_padding_last_edited=&#8221;on|phone&#8221; global_colors_info=&#8221;{}&#8221;]<\/p>\n<p>Filho de um imigrante cubano, Juan Carlos Esquivel nasceu em Caracas, Venezuela, em 29 de dezembro de 1965. Ele mora em Miami desde os 12 anos. Durante seus anos escolares, estudou na Rockway Junior e na Coral Park Senior High. Ele frequentou o Miami Dade College e come\u00e7ou a cursar um MBA em Neg\u00f3cios Internacionais na Humboldt International University. Esquivel \u00e9 casado com Nancy h\u00e1 29 anos; ele \u00e9 pai de quatro filhos e av\u00f4 de tr\u00eas netos. A fam\u00edlia Esquivel \u00e9 grande e muito unida, com tr\u00eas gera\u00e7\u00f5es envolvidas na ind\u00fastria de transporte e log\u00edstica.<\/p>\n<p>[\/et_pb_text][\/et_pb_column][et_pb_column type=&#8221;1_2&#8243; _builder_version=&#8221;4.25.1&#8243; _module_preset=&#8221;default&#8221; global_colors_info=&#8221;{}&#8221;][et_pb_image src=&#8221;https:\/\/jcesquivelfordoral.com\/wp-content\/uploads\/2024\/06\/un-hombre-de-familia-esquivel.jpeg&#8221; title_text=&#8221;un hombre de familia esquivel&#8221; _builder_version=&#8221;4.25.2&#8243; _module_preset=&#8221;default&#8221; global_colors_info=&#8221;{}&#8221;][\/et_pb_image][\/et_pb_column][\/et_pb_row][et_pb_row column_structure=&#8221;1_2,1_2&#8243; _builder_version=&#8221;4.25.1&#8243; _module_preset=&#8221;default&#8221; global_colors_info=&#8221;{}&#8221;][et_pb_column type=&#8221;1_2&#8243; _builder_version=&#8221;4.25.1&#8243; _module_preset=&#8221;default&#8221; global_colors_info=&#8221;{}&#8221;][et_pb_image src=&#8221;https:\/\/jcesquivelfordoral.com\/wp-content\/uploads\/2024\/06\/puerto-de-miami-esquivel.jpg&#8221; title_text=&#8221;puerto-de-miami-esquivel&#8221; _builder_version=&#8221;4.25.1&#8243; _module_preset=&#8221;default&#8221; global_colors_info=&#8221;{}&#8221;][\/et_pb_image][\/et_pb_column][et_pb_column type=&#8221;1_2&#8243; _builder_version=&#8221;4.25.1&#8243; _module_preset=&#8221;default&#8221; global_colors_info=&#8221;{}&#8221;][et_pb_text _builder_version=&#8221;4.25.1&#8243; _module_preset=&#8221;default&#8221; text_font=&#8221;Montserrat||||||||&#8221; text_font_size=&#8221;16px&#8221; custom_padding=&#8221;4px|||||&#8221; global_colors_info=&#8221;{}&#8221;]<\/p>\n<p>Durante os 38 anos de carreira de Esquivel na log\u00edstica, ele trabalhou para duas linhas de navega\u00e7\u00e3o no sul da Fl\u00f3rida e fundou sua primeira empresa, Universal Freightways, na \u00e1rea de Doral em 1991. A empresa empregava mais de 75 pessoas que gerenciavam o transporte de carga para muitas empresas multinacionais e locais dos Estados Unidos para a Am\u00e9rica Latina. Em 1997, a Universal Freightways foi reconhecida como uma das 10 principais empresas de transporte de carga em volume para a Am\u00e9rica do Sul. A empresa tinha escrit\u00f3rios em Doral, Nova Jersey, Houston, Rep\u00fablica Dominicana e todas as principais cidades da Venezuela. Em 2001, devido \u00e0 desregulamenta\u00e7\u00e3o da ind\u00fastria mar\u00edtima e a um n\u00famero significativo de fus\u00f5es e aquisi\u00e7\u00f5es entre seus clientes, ele decidiu vender para um de seus principais concorrentes. Ao longo de sua carreira, Esquivel desenvolveu centenas de oportunidades de emprego em v\u00e1rias organiza\u00e7\u00f5es.<\/p>\n<p>[\/et_pb_text][\/et_pb_column][\/et_pb_row][et_pb_row column_structure=&#8221;1_2,1_2&#8243; custom_padding_last_edited=&#8221;on|phone&#8221; _builder_version=&#8221;4.25.1&#8243; _module_preset=&#8221;default&#8221; custom_padding_tablet=&#8221;&#8221; custom_padding_phone=&#8221;0px||||false|false&#8221; global_colors_info=&#8221;{}&#8221;][et_pb_column type=&#8221;1_2&#8243; _builder_version=&#8221;4.25.1&#8243; _module_preset=&#8221;default&#8221; global_colors_info=&#8221;{}&#8221;][et_pb_text _builder_version=&#8221;4.25.1&#8243; _module_preset=&#8221;default&#8221; text_font=&#8221;Montserrat||||||||&#8221; text_font_size=&#8221;16px&#8221; custom_padding=&#8221;4px|||||&#8221; custom_padding_tablet=&#8221;4px|||||&#8221; custom_padding_phone=&#8221;0px||||false|false&#8221; custom_padding_last_edited=&#8221;on|desktop&#8221; global_colors_info=&#8221;{}&#8221;]<\/p>\n<p>Como executivo s\u00eanior em log\u00edstica, ele liderou equipes de administradores, analistas e gerentes de informa\u00e7\u00e3o, fornecendo suporte administrativo e log\u00edstico de distribui\u00e7\u00e3o para organiza\u00e7\u00f5es de todos os tamanhos. Atualmente, ele \u00e9 propriet\u00e1rio da Port Logistics Solutions Corporation, um fornecedor global de servi\u00e7os log\u00edsticos que atende a mais de 165 pa\u00edses. Esquivel possui habilidades excepcionais de comunica\u00e7\u00e3o oral, escrita e anal\u00edtica, e \u00e9 capaz de promover um ambiente de trabalho em equipe e coopera\u00e7\u00e3o, demonstrando uma lideran\u00e7a comprovada em organiza\u00e7\u00f5es de qualquer tamanho.<\/p>\n<p>[\/et_pb_text][\/et_pb_column][et_pb_column type=&#8221;1_2&#8243; _builder_version=&#8221;4.25.1&#8243; _module_preset=&#8221;default&#8221; global_colors_info=&#8221;{}&#8221;][et_pb_image src=&#8221;https:\/\/jcesquivelfordoral.com\/wp-content\/uploads\/2022\/03\/comingsoon2-jc-esquivel.jpg&#8221; title_text=&#8221;comingsoon2-jc-esquivel&#8221; _builder_version=&#8221;4.25.1&#8243; _module_preset=&#8221;default&#8221; global_colors_info=&#8221;{}&#8221;][\/et_pb_image][\/et_pb_column][\/et_pb_row][et_pb_row column_structure=&#8221;1_2,1_2&#8243; _builder_version=&#8221;4.25.1&#8243; _module_preset=&#8221;default&#8221; global_colors_info=&#8221;{}&#8221;][et_pb_column type=&#8221;1_2&#8243; _builder_version=&#8221;4.25.1&#8243; _module_preset=&#8221;default&#8221; global_colors_info=&#8221;{}&#8221;][et_pb_image src=&#8221;https:\/\/jcesquivelfordoral.com\/wp-content\/uploads\/2022\/05\/galeria-jcesquivel-Image-2022-05-06-at-6.50.01-AM-3.jpeg&#8221; title_text=&#8221;galeria jcesquivel Image 2022-05-06 at 6.50.01 AM (3)&#8221; _builder_version=&#8221;4.25.1&#8243; _module_preset=&#8221;default&#8221; global_colors_info=&#8221;{}&#8221;][\/et_pb_image][\/et_pb_column][et_pb_column type=&#8221;1_2&#8243; _builder_version=&#8221;4.25.1&#8243; _module_preset=&#8221;default&#8221; global_colors_info=&#8221;{}&#8221;][et_pb_text _builder_version=&#8221;4.25.1&#8243; _module_preset=&#8221;default&#8221; text_font=&#8221;Montserrat||||||||&#8221; text_font_size=&#8221;16px&#8221; custom_padding=&#8221;4px|||||&#8221; global_colors_info=&#8221;{}&#8221;]<\/p>\n<p>Esquivel serviu sua comunidade por mais de 30 anos como diretor em grandes organiza\u00e7\u00f5es sem fins lucrativos, com a capacidade de motivar e inspirar as pessoas a identificar seu potencial e continuar compartilhando sua paix\u00e3o por servir aos outros. Ele promoveu mudan\u00e7as positivas significativas em comunidades e indiv\u00edduos por meio da defesa de seus direitos, empoderado pela compaix\u00e3o e baseado em uma s\u00f3lida base de lideran\u00e7a e valores c\u00edvicos. Ele gerenciou e ajudou com sucesso em eventos de arrecada\u00e7\u00e3o de fundos, ajudando crian\u00e7as, fam\u00edlias e comunidades afetadas por desastres nacionais.<\/p>\n<p>[\/et_pb_text][\/et_pb_column][\/et_pb_row][et_pb_row custom_padding_last_edited=&#8221;on|phone&#8221; _builder_version=&#8221;4.25.1&#8243; _module_preset=&#8221;default&#8221; custom_padding=&#8221;||82px|||&#8221; custom_padding_tablet=&#8221;||82px|||&#8221; custom_padding_phone=&#8221;0px||||false|false&#8221; global_colors_info=&#8221;{}&#8221;][et_pb_column type=&#8221;4_4&#8243; _builder_version=&#8221;4.25.1&#8243; _module_preset=&#8221;default&#8221; global_colors_info=&#8221;{}&#8221;][et_pb_text _builder_version=&#8221;4.25.1&#8243; _module_preset=&#8221;default&#8221; text_font=&#8221;Montserrat||||||||&#8221; text_font_size=&#8221;16px&#8221; custom_padding=&#8221;4px|||||&#8221; global_colors_info=&#8221;{}&#8221;]<\/p>\n<p>Com o esp\u00edrito e o compromisso de trabalhar para os residentes da cidade de Doral, Fl\u00f3rida, Juan Carlos Esquivel se candidatou nas Elei\u00e7\u00f5es da Cidade de Doral de 2020 para o Conselho n\u00ba 3 e para o Conselho n\u00ba 4 em 2022, obtendo mais de 13.000 votos combinados. Ele serviu como Presidente do Conselho Consultivo de Desenvolvimento Econ\u00f4mico e como ativista em v\u00e1rias quest\u00f5es que afetam a qualidade de vida dos residentes de Doral. Ele \u00e9 o Presidente e CEO da Doral Voice Corporation, uma esta\u00e7\u00e3o de r\u00e1dio em streaming ao servi\u00e7o da comunidade de Doral. Com sua vasta experi\u00eancia empresarial e seu hist\u00f3rico comprovado como servidor p\u00fablico, Esquivel entende as necessidades e prioridades de todos os residentes de Doral. Ele zelar\u00e1 pelos seus melhores interesses e os representar\u00e1 com a integridade e o respeito que merecem de um servidor p\u00fablico de nossa bela cidade de Doral.<\/p>\n<p>[\/et_pb_text][\/et_pb_column][\/et_pb_row][\/et_pb_section][et_pb_section fb_built=&#8221;1&#8243; fullwidth=&#8221;on&#8221; custom_padding_last_edited=&#8221;on|phone&#8221; _builder_version=&#8221;4.25.1&#8243; _module_preset=&#8221;default&#8221; custom_margin_tablet=&#8221;&#8221; custom_margin_phone=&#8221;-47px||-47px||true|false&#8221; custom_margin_last_edited=&#8221;on|phone&#8221; custom_padding_tablet=&#8221;&#8221; custom_padding_phone=&#8221;||79px||false|false&#8221; global_colors_info=&#8221;{}&#8221;][et_pb_fullwidth_code _builder_version=&#8221;4.27.4&#8243; _module_preset=&#8221;default&#8221; hover_enabled=&#8221;0&#8243; global_colors_info=&#8221;{}&#8221; sticky_enabled=&#8221;0&#8243;]<iframe loading=\"lazy\" width=\"560\" height=\"315\" src=\"https:\/\/www.youtube.com\/embed\/qmURTgZFQSg?si=_9FvrzA5PdJbDKWC\" title=\"YouTube video player\" frameborder=\"0\" allow=\"accelerometer; autoplay; clipboard-write; encrypted-media; gyroscope; picture-in-picture; web-share\" referrerpolicy=\"strict-origin-when-cross-origin\" allowfullscreen><\/iframe>[\/et_pb_fullwidth_code][\/et_pb_section]<\/p>","protected":false},"excerpt":{"rendered":"<p>Sobre mi\u00danete a nuestro movimientoHijo de un inmigrante cubano, Juan Carlos Esquivel naci\u00f3 en Caracas, Venezuela, el 29 de diciembre de 1965. Desde los 12 a\u00f1os ha vivido en Miami. Durante sus a\u00f1os escolares, estudi\u00f3 en Rockway Junior y Coral Park Senior High. Asisti\u00f3 a Miami Dade College y ha comenzado a cursar un MBA [&hellip;]<\/p>","protected":false},"author":1,"featured_media":0,"parent":0,"menu_order":0,"comment_status":"closed","ping_status":"closed","template":"","meta":{"_et_pb_use_builder":"on","_et_pb_old_content":"","_et_gb_content_width":"","footnotes":""},"class_list":["post-22","page","type-page","status-publish","hentry"],"_links":{"self":[{"href":"https:\/\/jcesquivelfordoral.com\/pt\/wp-json\/wp\/v2\/pages\/22","targetHints":{"allow":["GET"]}}],"collection":[{"href":"https:\/\/jcesquivelfordoral.com\/pt\/wp-json\/wp\/v2\/pages"}],"about":[{"href":"https:\/\/jcesquivelfordoral.com\/pt\/wp-json\/wp\/v2\/types\/page"}],"author":[{"embeddable":true,"href":"https:\/\/jcesquivelfordoral.com\/pt\/wp-json\/wp\/v2\/users\/1"}],"replies":[{"embeddable":true,"href":"https:\/\/jcesquivelfordoral.com\/pt\/wp-json\/wp\/v2\/comments?post=22"}],"version-history":[{"count":84,"href":"https:\/\/jcesquivelfordoral.com\/pt\/wp-json\/wp\/v2\/pages\/22\/revisions"}],"predecessor-version":[{"id":1901,"href":"https:\/\/jcesquivelfordoral.com\/pt\/wp-json\/wp\/v2\/pages\/22\/revisions\/1901"}],"wp:attachment":[{"href":"https:\/\/jcesquivelfordoral.com\/pt\/wp-json\/wp\/v2\/media?parent=22"}],"curies":[{"name":"wp","href":"https:\/\/api.w.org\/{rel}","templated":true}]}}