{"id":3,"date":"2020-09-11T20:23:13","date_gmt":"2020-09-11T20:23:13","guid":{"rendered":"http:\/\/jcesquivelfordoral.com\/?page_id=3"},"modified":"2024-09-02T16:02:00","modified_gmt":"2024-09-02T16:02:00","slug":"privacy-policy","status":"publish","type":"page","link":"https:\/\/jcesquivelfordoral.com\/pt\/privacy-policy\/","title":{"rendered":"Privacy Policy"},"content":{"rendered":"<p>[et_pb_section fb_built=&#8221;1&#8243; _builder_version=&#8221;4.16&#8243; global_colors_info=&#8221;{}&#8221;][et_pb_row _builder_version=&#8221;4.16&#8243; background_size=&#8221;initial&#8221; background_position=&#8221;top_left&#8221; background_repeat=&#8221;repeat&#8221; global_colors_info=&#8221;{}&#8221;][et_pb_column type=&#8221;4_4&#8243; _builder_version=&#8221;4.16&#8243; custom_padding=&#8221;|||&#8221; global_colors_info=&#8221;{}&#8221; custom_padding__hover=&#8221;|||&#8221;][et_pb_text _builder_version=&#8221;4.27.0&#8243; background_size=&#8221;initial&#8221; background_position=&#8221;top_left&#8221; background_repeat=&#8221;repeat&#8221; hover_enabled=&#8221;0&#8243; global_colors_info=&#8221;{}&#8221; sticky_enabled=&#8221;0&#8243;]<\/p>\n<p><strong>Pol\u00edtica de privacidade<\/strong><\/p>\n<p>Pol\u00edtica de privacidade para a recolha e utiliza\u00e7\u00e3o de informa\u00e7\u00f5es de contacto por Juan Carlos Esquivel para o lugar n.\u00ba 3 do Conselho Municipal de Doral \u00daltima atualiza\u00e7\u00e3o: 11 de julho de 2024<\/p>\n<p>Introdu\u00e7\u00e3o Juan Carlos Esquivel para Doral (\u201cN\u00f3s\u201d, \u201cNos\u201d, \u201cNosso\u201d) est\u00e1 a oferecer um programa de mensagens m\u00f3veis (o \u201cPrograma\u201d), sujeito a estes Termos e Condi\u00e7\u00f5es de Mensagens M\u00f3veis (os \u201cTermos\u201d). Se n\u00e3o pretender continuar a participar no programa ou se j\u00e1 n\u00e3o concordar com estes Termos, pode responder \u201cSTOP\u201d a qualquer mensagem m\u00f3vel enviada por N\u00f3s para optar por sair do Programa.<\/p>\n<p>Ao inscrever-se no programa atrav\u00e9s de um formul\u00e1rio fornecido em jcesquivelfordoral.com ou ao fornecer as suas informa\u00e7\u00f5es a N\u00f3s num evento presencial, est\u00e1 a dar o seu consentimento expresso e a optar por receber mensagens de texto autom\u00e1ticas, alertas e actualiza\u00e7\u00f5es no n\u00famero de telefone que forneceu. Independentemente do m\u00e9todo de aceita\u00e7\u00e3o que utilizou para aderir ao Programa, o utilizador concorda que estes Termos se aplicam \u00e0 sua participa\u00e7\u00e3o no Programa.<br \/>N\u00e3o seremos respons\u00e1veis por quaisquer atrasos na rece\u00e7\u00e3o de quaisquer mensagens SMS, uma vez que a entrega est\u00e1 sujeita a uma transmiss\u00e3o eficaz por parte do seu operador de servi\u00e7os m\u00f3veis. OS SERVI\u00c7OS DE MENSAGENS SMS S\u00c3O FORNECIDOS \u201cTAL COMO EST\u00c3O\u201d E N\u00c3O DAMOS QUALQUER GARANTIA, EXPRESSA OU IMPL\u00cdCITA, E TODAS AS GARANTIAS, INCLUINDO GARANTIAS IMPL\u00cdCITAS DE COMERCIALIZA\u00c7\u00c3O E ADEQUA\u00c7\u00c3O A UM DETERMINADO FIM, S\u00c3O EXPRESSAMENTE REJEITADAS.<br \/>As transportadoras e os nossos fornecedores de servi\u00e7os n\u00e3o s\u00e3o respons\u00e1veis por mensagens atrasadas ou n\u00e3o entregues.<br \/>Os dados obtidos do utilizador no \u00e2mbito deste servi\u00e7o SMS podem incluir o n\u00famero de telem\u00f3vel do utilizador, o nome da operadora e a data, hora e conte\u00fado das mensagens, bem como outras informa\u00e7\u00f5es fornecidas pelo utilizador. Poderemos utilizar estas informa\u00e7\u00f5es para o contactar e para prestar os servi\u00e7os que nos solicitar. Se alterar, perder ou desativar o n\u00famero de telefone que forneceu a Juan Carlos Esquivel for Doral, concorda em notificar-nos imediatamente.<br \/>Ao subscrever ou utilizar o servi\u00e7o, o utilizador reconhece e aceita que temos o direito de alterar e\/ou terminar o servi\u00e7o em qualquer altura, com ou sem motivo e\/ou aviso pr\u00e9vio.<br \/>Para cancelar as suas subscri\u00e7\u00f5es de SMS, envie uma mensagem de texto STOP em resposta a qualquer mensagem de texto que receba. Receber\u00e1 uma mensagem subsequente a confirmar o seu pedido de cancelamento.<br \/>Para obter ajuda adicional, envie uma mensagem de texto HELP em resposta a uma mensagem de texto recebida. Tamb\u00e9m pode contactar-nos em jc@jcesquivelfordoral.com para obter assist\u00eancia adicional.<br \/>As operadoras suportadas podem mudar de tempos a tempos, mas atualmente incluem a Verizon Wireless, AT&amp;T, T-Mobile\u00ae, Sprint, Metro\u00ae, Boost, Virgin Mobile USA e U.S. Cellular\u00ae, entre outras.<br \/>Podem aplicar-se tarifas de mensagens e dados.<br \/>Ao inscrever-se, o utilizador confirma que tem mais de 13 anos de idade e que \u00e9 o assinante da conta sem fios ou que tem a autoriza\u00e7\u00e3o do assinante da conta sem fios para enviar e receber mensagens de texto ao abrigo dos presentes Termos e Condi\u00e7\u00f5es.<br \/>Os seus dados n\u00e3o ser\u00e3o partilhados ou vendidos a terceiros.<br \/>Disponibilidade do programa: Atualmente, o Programa s\u00f3 est\u00e1 dispon\u00edvel para residentes nos Estados Unidos. O utilizador compreende e reconhece que n\u00e3o pode inscrever-se, aceder ou tentar aceder ou utilizar o Programa a partir de pa\u00edses fora dos EUA. O utilizador concorda em cumprir as leis de controlo de exporta\u00e7\u00e3o dos EUA e outras leis aplic\u00e1veis e em n\u00e3o transferir, por transmiss\u00e3o eletr\u00f3nica ou de outra forma, qualquer conte\u00fado ou software sujeito a restri\u00e7\u00f5es ao abrigo dessas leis para um destino nacional ou pessoa proibida ao abrigo dessas leis.<\/p>\n<p>[\/et_pb_text][\/et_pb_column][\/et_pb_row][\/et_pb_section]<\/p>","protected":false},"excerpt":{"rendered":"<p>Pol\u00edtica de Privacidad Pol\u00edtica de Privacidad para la Recolecci\u00f3n y Uso de Informaci\u00f3n de Contacto por Juan Carlos Esquivel para el Esca\u00f1o No. 3 del Concejo Municipal de Doral \u00daltima actualizaci\u00f3n: 11 de julio de 2024 Introducci\u00f3n Juan Carlos Esquivel para Doral (\u00abNosotros\u00bb, \u00abNos\u00bb, \u00abNuestro\u00bb) est\u00e1 ofreciendo un programa de mensajer\u00eda m\u00f3vil (el \u00abPrograma\u00bb), sujeto [&hellip;]<\/p>","protected":false},"author":1,"featured_media":0,"parent":0,"menu_order":0,"comment_status":"closed","ping_status":"open","template":"","meta":{"_et_pb_use_builder":"on","_et_pb_old_content":"<!-- wp:heading --><h2>Who we are<\/h2><!-- \/wp:heading --><!-- wp:paragraph --><p>Our website address is: http:\/\/jcesquivelfordoral.com.<\/p><!-- \/wp:paragraph --><!-- wp:heading --><h2>What personal data we collect and why we collect it<\/h2><!-- \/wp:heading --><!-- wp:heading {\"level\":3} --><h3>Comments<\/h3><!-- \/wp:heading --><!-- wp:paragraph --><p>When visitors leave comments on the site we collect the data shown in the comments form, and also the visitor&#8217;s IP address and browser user agent string to help spam detection.<\/p><!-- \/wp:paragraph --><!-- wp:paragraph --><p>An anonymized string created from your email address (also called a hash) may be provided to the Gravatar service to see if you are using it. The Gravatar service privacy policy is available here: https:\/\/automattic.com\/privacy\/. After approval of your comment, your profile picture is visible to the public in the context of your comment.<\/p><!-- \/wp:paragraph --><!-- wp:heading {\"level\":3} --><h3>Media<\/h3><!-- \/wp:heading --><!-- wp:paragraph --><p>If you upload images to the website, you should avoid uploading images with embedded location data (EXIF GPS) included. Visitors to the website can download and extract any location data from images on the website.<\/p><!-- \/wp:paragraph --><!-- wp:heading {\"level\":3} --><h3>Contact forms<\/h3><!-- \/wp:heading --><!-- wp:heading {\"level\":3} --><h3>Cookies<\/h3><!-- \/wp:heading --><!-- wp:paragraph --><p>If you leave a comment on our site you may opt-in to saving your name, email address and website in cookies. These are for your convenience so that you do not have to fill in your details again when you leave another comment. These cookies will last for one year.<\/p><!-- \/wp:paragraph --><!-- wp:paragraph --><p>If you visit our login page, we will set a temporary cookie to determine if your browser accepts cookies. This cookie contains no personal data and is discarded when you close your browser.<\/p><!-- \/wp:paragraph --><!-- wp:paragraph --><p>When you log in, we will also set up several cookies to save your login information and your screen display choices. Login cookies last for two days, and screen options cookies last for a year. If you select &quot;Remember Me&quot;, your login will persist for two weeks. If you log out of your account, the login cookies will be removed.<\/p><!-- \/wp:paragraph --><!-- wp:paragraph --><p>If you edit or publish an article, an additional cookie will be saved in your browser. This cookie includes no personal data and simply indicates the post ID of the article you just edited. It expires after 1 day.<\/p><!-- \/wp:paragraph --><!-- wp:heading {\"level\":3} --><h3>Embedded content from other websites<\/h3><!-- \/wp:heading --><!-- wp:paragraph --><p>Articles on this site may include embedded content (e.g. videos, images, articles, etc.). Embedded content from other websites behaves in the exact same way as if the visitor has visited the other website.<\/p><!-- \/wp:paragraph --><!-- wp:paragraph --><p>These websites may collect data about you, use cookies, embed additional third-party tracking, and monitor your interaction with that embedded content, including tracking your interaction with the embedded content if you have an account and are logged in to that website.<\/p><!-- \/wp:paragraph --><!-- wp:heading {\"level\":3} --><h3>Analytics<\/h3><!-- \/wp:heading --><!-- wp:heading --><h2>Who we share your data with<\/h2><!-- \/wp:heading --><!-- wp:heading --><h2>How long we retain your data<\/h2><!-- \/wp:heading --><!-- wp:paragraph --><p>If you leave a comment, the comment and its metadata are retained indefinitely. This is so we can recognize and approve any follow-up comments automatically instead of holding them in a moderation queue.<\/p><!-- \/wp:paragraph --><!-- wp:paragraph --><p>For users that register on our website (if any), we also store the personal information they provide in their user profile. All users can see, edit, or delete their personal information at any time (except they cannot change their username). Website administrators can also see and edit that information.<\/p><!-- \/wp:paragraph --><!-- wp:heading --><h2>What rights you have over your data<\/h2><!-- \/wp:heading --><!-- wp:paragraph --><p>If you have an account on this site, or have left comments, you can request to receive an exported file of the personal data we hold about you, including any data you have provided to us. You can also request that we erase any personal data we hold about you. This does not include any data we are obliged to keep for administrative, legal, or security purposes.<\/p><!-- \/wp:paragraph --><!-- wp:heading --><h2>Where we send your data<\/h2><!-- \/wp:heading --><!-- wp:paragraph --><p>Visitor comments may be checked through an automated spam detection service.<\/p><!-- \/wp:paragraph --><!-- wp:heading --><h2>Your contact information<\/h2><!-- \/wp:heading --><!-- wp:heading --><h2>Additional information<\/h2><!-- \/wp:heading --><!-- wp:heading {\"level\":3} --><h3>How we protect your data<\/h3><!-- \/wp:heading --><!-- wp:heading {\"level\":3} --><h3>What data breach procedures we have in place<\/h3><!-- \/wp:heading --><!-- wp:heading {\"level\":3} --><h3>What third parties we receive data from<\/h3><!-- \/wp:heading --><!-- wp:heading {\"level\":3} --><h3>What automated decision making and\/or profiling we do with user data<\/h3><!-- \/wp:heading --><!-- wp:heading {\"level\":3} --><h3>Industry regulatory disclosure requirements<\/h3><!-- \/wp:heading -->","_et_gb_content_width":"","footnotes":""},"class_list":["post-3","page","type-page","status-publish","hentry"],"_links":{"self":[{"href":"https:\/\/jcesquivelfordoral.com\/pt\/wp-json\/wp\/v2\/pages\/3","targetHints":{"allow":["GET"]}}],"collection":[{"href":"https:\/\/jcesquivelfordoral.com\/pt\/wp-json\/wp\/v2\/pages"}],"about":[{"href":"https:\/\/jcesquivelfordoral.com\/pt\/wp-json\/wp\/v2\/types\/page"}],"author":[{"embeddable":true,"href":"https:\/\/jcesquivelfordoral.com\/pt\/wp-json\/wp\/v2\/users\/1"}],"replies":[{"embeddable":true,"href":"https:\/\/jcesquivelfordoral.com\/pt\/wp-json\/wp\/v2\/comments?post=3"}],"version-history":[{"count":4,"href":"https:\/\/jcesquivelfordoral.com\/pt\/wp-json\/wp\/v2\/pages\/3\/revisions"}],"predecessor-version":[{"id":1705,"href":"https:\/\/jcesquivelfordoral.com\/pt\/wp-json\/wp\/v2\/pages\/3\/revisions\/1705"}],"wp:attachment":[{"href":"https:\/\/jcesquivelfordoral.com\/pt\/wp-json\/wp\/v2\/media?parent=3"}],"curies":[{"name":"wp","href":"https:\/\/api.w.org\/{rel}","templated":true}]}}